{"id":50,"date":"2022-01-08T08:33:37","date_gmt":"2022-01-08T13:33:37","guid":{"rendered":"https:\/\/fundscene.com\/us\/?page_id=50"},"modified":"2022-10-22T03:23:24","modified_gmt":"2022-10-22T07:23:24","slug":"imprint","status":"publish","type":"page","link":"https:\/\/fundscene.com\/us\/imprint\/","title":{"rendered":"Imprint"},"content":{"rendered":"\n<p><strong>FUNDSCENE MAGAZINE<\/strong>&nbsp;is a Projekt of<\/p>\n\n\n\n<p>das&nbsp;<strong>FUNDSCENE MAGAZINE<\/strong>&nbsp;ist ein Projekt der<\/p>\n\n\n\n<p>FUNDSCENE Media (haftungsbeschr\u00e4nkt)<br>Bl\u00fccherstr. 32 I 75177 Pforzheim I Germany<br><strong>Phone:<\/strong>\u00a0+49 (0) 7231 6035228<br><strong>eMail:<\/strong>\u00a0redaktion[at]fundscene.com<\/p>\n\n\n\n<p><strong>Vertretungsberechtigter Gesch\u00e4ftsf\u00fchrer:<\/strong>&nbsp;Sabine Els\u00e4sser<\/p>\n\n\n\n<p><strong>Registergericht:<\/strong>&nbsp;Amtsgericht Mannheim<br><strong>Registernummer:<\/strong>&nbsp;HRB 743708<br><strong>Ust-Ident-Nummer:<\/strong>&nbsp;DE352431825<\/p>\n\n\n\n<p><strong><em>Bilder:<\/em><\/strong><\/p>\n\n\n\n<p>Seite Newsletter: stock.adobe.com \u2013 Alex from the Roc<\/p>\n","protected":false},"excerpt":{"rendered":"<p>FUNDSCENE MAGAZINE&nbsp;is a Projekt of das&nbsp;FUNDSCENE MAGAZINE&nbsp;ist ein Projekt der FUNDSCENE Media (haftungsbeschr\u00e4nkt)Bl\u00fccherstr. 32 I 75177 Pforzheim I GermanyPhone:\u00a0+49 (0) 7231 6035228eMail:\u00a0redaktion[at]fundscene.com Vertretungsberechtigter Gesch\u00e4ftsf\u00fchrer:&nbsp;Sabine Els\u00e4sser Registergericht:&nbsp;Amtsgericht MannheimRegisternummer:&nbsp;HRB 743708Ust-Ident-Nummer:&nbsp;DE352431825 Bilder: Seite Newsletter: stock.adobe.com \u2013 Alex from the Roc<\/p>\n","protected":false},"author":1,"featured_media":0,"parent":0,"menu_order":0,"comment_status":"closed","ping_status":"closed","template":"","meta":{"footnotes":""},"class_list":["post-50","page","type-page","status-publish"],"_links":{"self":[{"href":"https:\/\/fundscene.com\/us\/wp-json\/wp\/v2\/pages\/50","targetHints":{"allow":["GET"]}}],"collection":[{"href":"https:\/\/fundscene.com\/us\/wp-json\/wp\/v2\/pages"}],"about":[{"href":"https:\/\/fundscene.com\/us\/wp-json\/wp\/v2\/types\/page"}],"author":[{"embeddable":true,"href":"https:\/\/fundscene.com\/us\/wp-json\/wp\/v2\/users\/1"}],"replies":[{"embeddable":true,"href":"https:\/\/fundscene.com\/us\/wp-json\/wp\/v2\/comments?post=50"}],"version-history":[{"count":3,"href":"https:\/\/fundscene.com\/us\/wp-json\/wp\/v2\/pages\/50\/revisions"}],"predecessor-version":[{"id":520,"href":"https:\/\/fundscene.com\/us\/wp-json\/wp\/v2\/pages\/50\/revisions\/520"}],"wp:attachment":[{"href":"https:\/\/fundscene.com\/us\/wp-json\/wp\/v2\/media?parent=50"}],"curies":[{"name":"wp","href":"https:\/\/api.w.org\/{rel}","templated":true}]}}